{"id":6,"date":"2024-09-12T14:30:35","date_gmt":"2024-09-12T14:30:35","guid":{"rendered":"https:\/\/psihoterapija-sebastian.si\/?page_id=6"},"modified":"2026-02-02T16:52:28","modified_gmt":"2026-02-02T16:52:28","slug":"home","status":"publish","type":"page","link":"https:\/\/psihoterapija-sebastian.si\/","title":{"rendered":"Sebastian Krawczyk"},"content":{"rendered":"\n<h1 class=\"wp-block-heading\">Sebastian Krawczyk<\/h1>\n\n\n\n<p><em>mag. soc. (Republika Poljska), specializant integrativne psihoterapije<\/em><\/p>\n\n\n\n<div class=\"wp-block-group\" style=\"font-size:16px\"><div class=\"wp-block-group__inner-container is-layout-constrained wp-block-group-is-layout-constrained\">\n<figure class=\"wp-block-image size-full is-resized is-style-default\"><img loading=\"lazy\" decoding=\"async\" width=\"694\" height=\"759\" src=\"https:\/\/psihoterapija-sebastian.si\/wp-content\/uploads\/2024\/10\/1728495006522-1.jpg\" alt=\"\" class=\"wp-image-119\" style=\"width:491px;height:auto\" srcset=\"https:\/\/psihoterapija-sebastian.si\/wp-content\/uploads\/2024\/10\/1728495006522-1.jpg 694w, https:\/\/psihoterapija-sebastian.si\/wp-content\/uploads\/2024\/10\/1728495006522-1-274x300.jpg 274w\" sizes=\"auto, (max-width: 694px) 100vw, 694px\" \/><\/figure>\n\n\n\n<h2 class=\"wp-block-heading\">Kaj ponujam?<\/h2>\n\n\n\n<p style=\"font-size:17px\">Izvajam <strong>individualno integrativno psihoterapijo pod supervizijo<\/strong>. Dol\u017eina procesa individualne psihoterapije je odvisna od ciljev in motiviranosti klienta.<\/p>\n\n\n\n<ul class=\"wp-block-list\">\n<li style=\"font-size:17px\"><strong>Kratkotrajna<\/strong> obravnava obsega od 10 do 15 sre\u010danj.<\/li>\n\n\n\n<li style=\"font-size:17px\"><strong>Dalj\u0161a<\/strong> obravnava za globinske spremembe obsega delo v dalj\u0161em obdobju, trajanje pa je odvisno od dogovora med psihoterapevtom in klientom.<\/li>\n<\/ul>\n\n\n\n<p style=\"font-size:17px\">Sre\u010danja potekajo redno, praviloma enkrat tedensko, trajajo <strong>50 minut <\/strong>in stanejo <strong>60 EUR<\/strong> (zni\u017eana cena za \u0161tudente: <strong>50 EUR<\/strong>) na naslovu <strong>Parmova ulica 14 v Ljubljani<\/strong>.<\/p>\n\n\n\n<p>Kot psihoterapevt \u017eelim klientu ponuditi <strong>stabilno okolje <\/strong>in sprejemanje za nastanek odnosa, ki temelji na <strong>zaupanju<\/strong> in <strong>varnosti<\/strong>. Prepri\u010dan sem, da je potovanje k sebi vedno povezano z drugimi, saj smo dru\u017ebena bitja, ki se razvijajo v odnosih, zato potrebujemo ustvarjati stike, ki nas hranijo. Psihoterapevtski odnos ima v kontekstu dela na sebi klju\u010dno vlogo, saj je lahko resni\u010dno <strong>zdravilen<\/strong>. Naj \u0161e dodam, da to ne pomeni, da je psihoterapija smrtno resna stvar \ud83d\ude42: tudi v psihoterapiji je prostor za <strong>humor<\/strong> in spro\u0161\u010deno energijo. Sam se tudi na psihoterapevtskih sre\u010danjih zelo rad smejem in menim, da je <strong>igrivost<\/strong> zelo povezovalna in dobrodo\u0161la.<\/p>\n\n\n\n<h2 class=\"wp-block-heading\">Zakaj psihoterapija?<\/h2>\n\n\n\n<ul class=\"wp-block-list\">\n<li style=\"font-size:17px\">Psihoterapija omogo\u010da, da prepoznamo in razumemo na\u0161e <strong>vedenjske, miselne in \u010dustvene vzorce<\/strong>.<\/li>\n\n\n\n<li style=\"font-size:17px\">Psihoterapija odpira nove mo\u017enosti, kako se <strong>soo\u010diti z neprijetnimi \u010dustvi in stresom<\/strong> v vsakdanjem \u017eivljenju.&nbsp;<\/li>\n\n\n\n<li style=\"font-size:17px\">Psihoterapija pomaga predelati <strong>potla\u010dena \u010dustva<\/strong> iz preteklosti, ki se pogosto izra\u017eajo skozi <strong>depresijo<\/strong>, <strong>anksioznost<\/strong> ali druge stiske.<\/li>\n\n\n\n<li style=\"font-size:17px\">Psihoterapija ni namenjena le odpravljanju posameznih te\u017eav, ampak izbolj\u0161anju <strong>kvalitete \u017eivljenja<\/strong>: lahko pomaga odkriti na\u0161e <strong>potenciale<\/strong> in <strong>vrednote<\/strong>.<\/li>\n\n\n\n<li style=\"font-size:17px\">Psihoterapija je <strong>skupno raziskovanje<\/strong>, ki nas podpira pri \u0161irjenju zaupanja vase, razumevanja sebe in sprejemanja sebe v celoti.&nbsp;<\/li>\n<\/ul>\n\n\n\n<div class=\"wp-block-group\"><div class=\"wp-block-group__inner-container is-layout-constrained wp-block-group-is-layout-constrained\">\n<div class=\"wp-block-group\" style=\"font-size:17px\"><div class=\"wp-block-group__inner-container is-layout-constrained wp-block-group-is-layout-constrained\">\n<p><em>V primeru akutnih zdravstvenih te\u017eav, kot so psihoze, aktivne odvisnosti, resnej\u0161e du\u0161evne bolezni ali osebnostne motnje priporo\u010dam, da poi\u0161\u010dite psihiatri\u010dno zdravljenje.&nbsp;<\/em><\/p>\n\n\n\n<p><em>Psihoterapija ne bo u\u010dinkovita, \u010de oseba ni motivirana ali pripravljena sodelovati v terapevtskem procesu.<\/em><\/p>\n\n\n\n<p><em>Pri svojem delu sem zavezan eti\u010dnemu kodeksu Slovenske krovne zveze za psihoterapijo (SKZP) Slovenskega dru\u0161tva za integrativno psihoterapijo in transakcijsko analizo (SINTA).<\/em><\/p>\n\n\n\n<p><\/p>\n<\/div><\/div>\n<\/div><\/div>\n\n\n\n<h2 class=\"wp-block-heading\">O meni<\/h2>\n\n\n\n<div class=\"wp-block-media-text is-stacked-on-mobile is-style-default\" style=\"grid-template-columns:36% auto\"><figure  class=\"wp-block-media-text__media\"><img loading=\"lazy\" decoding=\"async\" width=\"1797\" height=\"2560\" alt=\"\" src=\"https:\/\/psihoterapija-sebastian.si\/wp-content\/uploads\/2024\/09\/Sebastian-scaled.jpg\" class=\"wp-image-9 size-full\" srcset=\"https:\/\/psihoterapija-sebastian.si\/wp-content\/uploads\/2024\/09\/Sebastian-scaled.jpg 1797w, https:\/\/psihoterapija-sebastian.si\/wp-content\/uploads\/2024\/09\/Sebastian-211x300.jpg 211w, https:\/\/psihoterapija-sebastian.si\/wp-content\/uploads\/2024\/09\/Sebastian-719x1024.jpg 719w, https:\/\/psihoterapija-sebastian.si\/wp-content\/uploads\/2024\/09\/Sebastian-768x1094.jpg 768w, https:\/\/psihoterapija-sebastian.si\/wp-content\/uploads\/2024\/09\/Sebastian-1078x1536.jpg 1078w, https:\/\/psihoterapija-sebastian.si\/wp-content\/uploads\/2024\/09\/Sebastian-1438x2048.jpg 1438w\" sizes=\"auto, (max-width: 1797px) 100vw, 1797px\" \/><\/figure><div class=\"wp-block-media-text__content\">\n<p><\/p>\n\n\n\n<p>\u017de kot otroku mi je bilo zanimivo, kako smo si ljudje razli\u010dni, zato sem rad bral o oddaljenih krajih in tujih kulturah. Med \u0161tudijem sociologije na Poljskem mi je bilo v u\u017eitek preu\u010devati razli\u010dne dru\u017ebene sisteme in pogosto sem se spra\u0161eval, kako dru\u017eba vpliva name. V sebi imam \u0161e vedno tistega radovednega otroka, ki se mu ob stiku z drugimi raz\u0161irijo o\u010di in pojavi nasmeh na obrazu. Kasneje sem opazil, da me najbolj zanimajo osebni odnosi: intimni, prijateljski ali znotraj manj\u0161ih skupin. Zgodovina odnosov je v mojem \u017eivljenju polna zgodb, ki so mi po eni strani prinesle veliko podpore in prijetnih izku\u0161enj, po drugi strani pa tudi te\u017eke ob\u010dutke. Da jih je veliko, me sicer ne presene\u010da, saj v doma\u010dem okolju nisem dobil dovolj dobrih izku\u0161enj kako poslu\u0161ati sebe in pristno delovati ob sre\u010danju z ljudmi, zato sem inspiracijo kako vzpostavljati pristen kontakt s sabo in z drugimi iskal sam. V svojem odraslem \u017eivljenju sem pri\u0161el v stik s <strong>\u010duje\u010dnostjo<\/strong>, kar je bil zame pomembni mejnik. Samospoznavanje sem nato nadaljeval z individualno psihoterapijo, v katero sem vklju\u010den ve\u010d kot 5 let. Poleg tega imam ve\u010d izku\u0161enj iz razli\u010dnih oblik skupinske in partnerske psihoterapije. <strong>Psihoterapevtsko izobra\u017eevanje <\/strong>sem za\u010del na SFU Ljubljana in nadaljeval na In\u0161titutu za psihoterapijo in svetovanje IPSA. Ugotavljam, da je psihoterapija to, kar me najbolj zanima &#8211; vedno znova aktivira prej omenjeno radovednost: veselje ob stiku z drugimi in so\u010dutje do njih. Poleg psihoterapije sem svetovalec v <a href=\"https:\/\/www.uni-lj.si\/univerza\/enakost-in-vkljucevanje\/psihosocialna-svetovalnica\" data-type=\"link\" data-id=\"https:\/\/www.uni-lj.si\/univerza\/enakost-in-vkljucevanje\/psihosocialna-svetovalnica\">Psihosocialni svetovalnici<\/a> Univerze v Ljubljani, kjer se \u0161tudentkam in \u0161tudentom pomagam soo\u010diti z izzivi, ki jim prina\u0161ajo njihova \u017eivljenja.<\/p>\n<\/div><\/div>\n\n\n\n<p style=\"font-size:17px\"><\/p>\n<\/div><\/div>\n\n\n\n<div class=\"wp-block-group\" style=\"font-size:19px\"><div class=\"wp-block-group__inner-container is-layout-constrained wp-block-group-is-layout-constrained\">\n<div class=\"wp-block-group\"><div class=\"wp-block-group__inner-container is-layout-constrained wp-block-group-is-layout-constrained\">\n<p style=\"font-size:17px\">Opravljam tudi delo kuratorja v galeriji sodobne umetnosti in u\u017eivam ob stiku z raznimi oblikami ustvarjalnosti (poleg sodobne umetnosti, film, literatura, gledali\u0161\u010de). V prostem \u010dasu rad pre\u017eivljam \u010das v naravi, ki me umirja in mi pomaga se povezovati s sabo. Redno tudi meditiram, zavzeto kuham, v zadnjem \u010dasu u\u017eivam v gojenju zelenih rastlin, rad pa tudi pojem (sploh takrat, ko me nobeden ne sli\u0161i \ud83d\ude00). U\u017eivam v svoji dru\u017ebi, obenem pa zelo tudi ob dru\u017eenju z drugimi.&nbsp; Verjamem, da smo vsi enakovredni. Moje najpomembnej\u0161e vrednote so integriteta, avtenti\u010dnost, spo\u0161tovanje in odgovornost.<\/p>\n\n\n\n<p style=\"font-size:17px\">Govorim <strong>slovensko, angle\u0161ko in poljsko<\/strong>.<\/p>\n\n\n\n<div style=\"height:24px\" aria-hidden=\"true\" class=\"wp-block-spacer\"><\/div>\n\n\n\n<div style=\"height:22px\" aria-hidden=\"true\" class=\"wp-block-spacer\"><\/div>\n\n\n\n<div style=\"height:20px\" aria-hidden=\"true\" class=\"wp-block-spacer\"><\/div>\n\n\n<div class=\"wp-block-image is-style-default\">\n<figure class=\"alignleft size-full is-resized\"><img loading=\"lazy\" decoding=\"async\" width=\"1200\" height=\"800\" src=\"https:\/\/psihoterapija-sebastian.si\/wp-content\/uploads\/2024\/10\/echo-1655997906.jpg\" alt=\"\" class=\"wp-image-141\" style=\"width:504px;height:auto\" srcset=\"https:\/\/psihoterapija-sebastian.si\/wp-content\/uploads\/2024\/10\/echo-1655997906.jpg 1200w, https:\/\/psihoterapija-sebastian.si\/wp-content\/uploads\/2024\/10\/echo-1655997906-300x200.jpg 300w, https:\/\/psihoterapija-sebastian.si\/wp-content\/uploads\/2024\/10\/echo-1655997906-1024x683.jpg 1024w, https:\/\/psihoterapija-sebastian.si\/wp-content\/uploads\/2024\/10\/echo-1655997906-768x512.jpg 768w\" sizes=\"auto, (max-width: 1200px) 100vw, 1200px\" \/><\/figure>\n<\/div>\n\n\n<p><\/p>\n\n\n\n<p><\/p>\n\n\n\n<p><\/p>\n\n\n\n<p><\/p>\n\n\n\n<p><\/p>\n\n\n\n<h2 class=\"wp-block-heading\"><\/h2>\n\n\n\n<h2 class=\"wp-block-heading\">Podro\u010dja dela, s katerimi imam najve\u010d izku\u0161enj:<\/h2>\n<\/div><\/div>\n<\/div><\/div>\n\n\n\n<ul class=\"wp-block-list\">\n<li style=\"font-size:17px\"><strong>Stres<\/strong> in preobremenjenost<\/li>\n\n\n\n<li style=\"font-size:17px\">Soo\u010danje s <strong>te\u017ekimi ob\u010dutki<\/strong><\/li>\n\n\n\n<li style=\"font-size:17px\"><strong>Anksioznost<\/strong><\/li>\n\n\n\n<li style=\"font-size:17px\"><strong>Osamljenost<\/strong><\/li>\n\n\n\n<li style=\"font-size:17px\">Medosebni <strong>odnosi in partnerstvo<\/strong><\/li>\n\n\n\n<li style=\"font-size:17px\">Soo\u010danje z <strong>lo\u010ditvijo<\/strong><\/li>\n\n\n\n<li style=\"font-size:17px\"><strong>\u017dalovanje<\/strong><\/li>\n\n\n\n<li style=\"font-size:17px\">Raziskovanje <strong>smisla<\/strong><\/li>\n\n\n\n<li style=\"font-size:17px\">Osebna <strong>rast<\/strong><\/li>\n\n\n\n<li style=\"font-size:17px\"><strong>Zdomstvo<\/strong> &#8211; sem dvojezi\u010dna oseba in imam bogate izku\u0161nje z \u017eivljenjem v tujini<\/li>\n\n\n\n<li style=\"font-size:17px\">Bolj\u0161e <strong>razumevanje svojih ob\u010dutij<\/strong> in do\u017eivljanj<\/li>\n\n\n\n<li style=\"font-size:17px\">Izbolj\u0161anje <strong>samopodobe<\/strong><\/li>\n<\/ul>\n\n\n\n<div style=\"height:23px\" aria-hidden=\"true\" class=\"wp-block-spacer\"><\/div>\n\n\n\n<figure class=\"wp-block-image size-full is-resized\"><img loading=\"lazy\" decoding=\"async\" width=\"581\" height=\"632\" src=\"https:\/\/psihoterapija-sebastian.si\/wp-content\/uploads\/2024\/10\/The-self-in-relationship-system-Note-Adapted-from-The-process-of-integrative.jpg\" alt=\"\" class=\"wp-image-139\" style=\"width:408px;height:auto\" srcset=\"https:\/\/psihoterapija-sebastian.si\/wp-content\/uploads\/2024\/10\/The-self-in-relationship-system-Note-Adapted-from-The-process-of-integrative.jpg 581w, https:\/\/psihoterapija-sebastian.si\/wp-content\/uploads\/2024\/10\/The-self-in-relationship-system-Note-Adapted-from-The-process-of-integrative-276x300.jpg 276w\" sizes=\"auto, (max-width: 581px) 100vw, 581px\" \/><\/figure>\n\n\n\n<h2 class=\"wp-block-heading\">Zakaj integrativna psihoterapija?<\/h2>\n\n\n\n<div class=\"wp-block-group\"><div class=\"wp-block-group__inner-container is-layout-constrained wp-block-group-is-layout-constrained\">\n<div class=\"wp-block-group\" style=\"font-size:17px\"><div class=\"wp-block-group__inner-container is-layout-constrained wp-block-group-is-layout-constrained\">\n<p>Kot integrativni psihoterapevt klientom pomagam pri obravnavi njihovih potreb in te\u017eav s pomo\u010djo celostnega in osebnega pristopa, ki je prilagojen vsakemu posamezniku. Izhajam iz prepri\u010danja, da je prav <strong>klient tisti, ki ima najve\u010dji vpliv na lastno \u017eivljenje in najve\u010d ve o sebi<\/strong>.<\/p>\n\n\n\n<p>Eden od klju\u010dnih vidikov integrativnega pristopa je osredoto\u010denost na <strong>empatijo<\/strong> in vzpostavitev zaupnega odnosa med klientom in psihoterapevtom. Kot integrativni psihoterapevt si prizadevam nuditi sprejemanje, pristnost in razumevanje, tako da se klient po\u010duti resni\u010dno sli\u0161an. Vklju\u010dujem tudi tehnike, ki omogo\u010dajo prepoznavanje in preoblikovanje vzorcev mi\u0161ljenja in delovanja, ki klientu ve\u010d ne koristijo. Poleg tega v psihoterapevtskem procesu lahko raziskujemo tudi nezavedno in nerazre\u0161ene konflikte, ki bi lahko bili podlaga za klientove te\u017eave.&nbsp;<\/p>\n\n\n\n<p>V integrativni psihoterapiji je <strong>\u010duje\u010dnost<\/strong> in <strong>razvijanje so\u010dutja do sebe<\/strong> na\u010din prek katerega se lahko resni\u010dno pove\u017eemo s sabo, zato v psihoterapevtskem delu je ve\u010d mo\u017enosti za krepitev zavedanja sedanjega trenutka. Ne glede na to, da moj cilj ni, da bi klienta spremenil, si \u017eelim, da se bolje spozna in skupaj oblikujeva proces, ki bo pripeljal do novih spoznanj. Verjamem, da je <strong>sprejemanje<\/strong> klju\u010dni element terapevtskega procesa, saj odpira prostor za spremembo. Kon\u010dni cilj je integracija osebnosti in \u017eivljenja v skladu s klientovimi vrednotami in cilji.&nbsp;<\/p>\n\n\n\n<p><\/p>\n\n\n\n<figure class=\"wp-block-image size-large is-resized is-style-rounded\"><img loading=\"lazy\" decoding=\"async\" width=\"1024\" height=\"768\" src=\"https:\/\/psihoterapija-sebastian.si\/wp-content\/uploads\/2024\/10\/IMG_20210117_110546-1024x768.jpg\" alt=\"\" class=\"wp-image-152\" style=\"width:647px;height:auto\"\/><\/figure>\n\n\n\n<p><\/p>\n\n\n\n<h2 class=\"wp-block-heading\">\u010cuje\u010dnost<\/h2>\n\n\n\n<p>Praksa \u010duje\u010dnosti nudi instrumente, kako se na sistemati\u010den in obenem kreativen na\u010din lotevamo spoznavanja sebe. \u010cuje\u010dnost prina\u0161a perspektivo, ki po eni strani omogo\u010da celosten pogled na to, kdo sem, po drugi osvobaja od zablod pseudomisti\u010dnega razmi\u0161ljanja. Skozi prakso dobimo preprost uvid, da to, <strong>kar je tukaj in zdaj, je to, kar potrebuje najve\u010d pozornosti<\/strong>. Najbolje je, da se usmerimo v ustvarjanje odnosa s tem, kar prepoznavamo, da je v nas, z zavedanjem, da <strong>smo dovolj<\/strong>. Prav spoznanje, da je <strong>prvi pogoj za spremembo sprejetje trenutnega stanja<\/strong>, in dejstvo, da si <strong>potrebujemo nameniti ljubezen<\/strong> \u2013 sebi, z vsem, kar sem, prina\u0161a podporo in razbremenitev. <\/p>\n\n\n\n<p>Tekom psihoterapije nudim uporabo tehnik in metod, ki izvirajo iz \u010duje\u010dnosti, z namenom, da pridite v poglobljen stik s seboj in z lastnimi <strong>viri so\u010dutja<\/strong>.<\/p>\n\n\n\n<p>Ve\u010d o meni v kontekstu \u010duje\u010dnosti najdete <a href=\"https:\/\/www.cujecnost.org\/?speaker=sebastian-krawczyk\" data-type=\"link\" data-id=\"https:\/\/www.cujecnost.org\/?speaker=sebastian-krawczyk\">tukaj<\/a>. <\/p>\n<\/div><\/div>\n<\/div><\/div>\n\n\n\n<p><\/p>\n\n\n\n<div style=\"height:17px\" aria-hidden=\"true\" class=\"wp-block-spacer\"><\/div>\n\n\n\n<h2 class=\"wp-block-heading\">Kontakt<\/h2>\n\n\n\n<p style=\"font-size:17px\">Telefon: <strong>040 800 697<\/strong><br>Mail: <a style=\"color:#3fa0a4\" href=\"mailto:sebastiian1000@gmail.com\">sebastiian1000@gmail.com<\/a><\/p>\n\n\n\n<p><\/p>\n\n\n\n<p><\/p>\n","protected":false},"excerpt":{"rendered":"<p>Sebastian Krawczyk mag. soc. (Republika Poljska), specializant integrativne psihoterapije Kaj ponujam? Izvajam individualno integrativno psihoterapijo pod supervizijo. Dol\u017eina procesa individualne psihoterapije je odvisna od ciljev in motiviranosti klienta. Sre\u010danja potekajo &#8230;<\/p>\n","protected":false},"author":1,"featured_media":9,"parent":0,"menu_order":0,"comment_status":"closed","ping_status":"closed","template":"","meta":{"footnotes":""},"class_list":["post-6","page","type-page","status-publish","has-post-thumbnail","hentry"],"_links":{"self":[{"href":"https:\/\/psihoterapija-sebastian.si\/index.php?rest_route=\/wp\/v2\/pages\/6","targetHints":{"allow":["GET"]}}],"collection":[{"href":"https:\/\/psihoterapija-sebastian.si\/index.php?rest_route=\/wp\/v2\/pages"}],"about":[{"href":"https:\/\/psihoterapija-sebastian.si\/index.php?rest_route=\/wp\/v2\/types\/page"}],"author":[{"embeddable":true,"href":"https:\/\/psihoterapija-sebastian.si\/index.php?rest_route=\/wp\/v2\/users\/1"}],"replies":[{"embeddable":true,"href":"https:\/\/psihoterapija-sebastian.si\/index.php?rest_route=%2Fwp%2Fv2%2Fcomments&post=6"}],"version-history":[{"count":120,"href":"https:\/\/psihoterapija-sebastian.si\/index.php?rest_route=\/wp\/v2\/pages\/6\/revisions"}],"predecessor-version":[{"id":211,"href":"https:\/\/psihoterapija-sebastian.si\/index.php?rest_route=\/wp\/v2\/pages\/6\/revisions\/211"}],"wp:featuredmedia":[{"embeddable":true,"href":"https:\/\/psihoterapija-sebastian.si\/index.php?rest_route=\/wp\/v2\/media\/9"}],"wp:attachment":[{"href":"https:\/\/psihoterapija-sebastian.si\/index.php?rest_route=%2Fwp%2Fv2%2Fmedia&parent=6"}],"curies":[{"name":"wp","href":"https:\/\/api.w.org\/{rel}","templated":true}]}}